{"id":92,"date":"2020-03-17T07:09:43","date_gmt":"2020-03-17T07:09:43","guid":{"rendered":"https:\/\/demosites.io\/freelancer-gb\/?page_id=92"},"modified":"2024-10-13T17:19:22","modified_gmt":"2024-10-13T17:19:22","slug":"0067e-home","status":"publish","type":"page","link":"https:\/\/www.vs-st-marein-feistritz.at\/","title":{"rendered":"Startseite"},"content":{"rendered":"\n<div id=\"wp-block-themeisle-blocks-advanced-columns-d3621fcc\" class=\"wp-block-themeisle-blocks-advanced-columns alignfull has-2-columns has-desktop-equal-layout has-tablet-equal-layout has-mobile-collapsedRows-layout has-vertical-unset\"><div class=\"wp-block-themeisle-blocks-advanced-columns-overlay\"><\/div><div class=\"innerblocks-wrap\">\n<div id=\"wp-block-themeisle-blocks-advanced-column-ee6d969c\" class=\"wp-block-themeisle-blocks-advanced-column\">\n<p><\/p>\n<\/div>\n\n\n\n<div id=\"wp-block-themeisle-blocks-advanced-column-fbc273f2\" class=\"wp-block-themeisle-blocks-advanced-column has-light-bg\">\n<h4 id=\"wp-block-themeisle-blocks-advanced-heading-56323f85\" class=\"wp-block-themeisle-blocks-advanced-heading wp-block-themeisle-blocks-advanced-heading-56323f85\">HERZLICH WILLKOMMEN IN DER<\/h4>\n\n\n\n<h1 id=\"wp-block-themeisle-blocks-advanced-heading-4d3ca914\" class=\"wp-block-themeisle-blocks-advanced-heading wp-block-themeisle-blocks-advanced-heading-4d3ca914\">VS St. Marein\/ Feistritz<\/h1>\n\n\n\n<p class=\"has-white-color has-text-color\">Wir m\u00f6chten Sie herzlich auf unserer Homepage begr\u00fc\u00dfen!<\/p>\n\n\n\n<div id=\"wp-block-themeisle-blocks-button-group-01895572\" class=\"wp-block-themeisle-blocks-button-group wp-block-buttons\">\n<div id=\"wp-block-themeisle-blocks-button-df049399\" class=\"wp-block-themeisle-blocks-button wp-block-button is-style-fill animated rotateIn\"><a href=\"https:\/\/www.vs-st-marein-feistritz.at\/index.php\/0067e-about-me\/\" target=\"_self\" rel=\"noopener noreferrer\" class=\"wp-block-button__link\"><span>Das sind wir!<\/span><\/a><\/div>\n<\/div>\n\n\n\n<figure class=\"wp-block-image size-full is-resized\"><img loading=\"lazy\" decoding=\"async\" width=\"896\" height=\"313\" src=\"https:\/\/www.vs-st-marein-feistritz.at\/wp-content\/uploads\/2024\/09\/Logos-Homepage-.png\" alt=\"\" class=\"wp-image-1306\" style=\"width:437px\" srcset=\"https:\/\/www.vs-st-marein-feistritz.at\/wp-content\/uploads\/2024\/09\/Logos-Homepage-.png 896w, https:\/\/www.vs-st-marein-feistritz.at\/wp-content\/uploads\/2024\/09\/Logos-Homepage--300x105.png 300w, https:\/\/www.vs-st-marein-feistritz.at\/wp-content\/uploads\/2024\/09\/Logos-Homepage--768x268.png 768w\" sizes=\"auto, (max-width: 896px) 100vw, 896px\" \/><\/figure>\n\n\n\n<figure class=\"wp-block-image size-full is-resized\"><img loading=\"lazy\" decoding=\"async\" width=\"627\" height=\"222\" src=\"https:\/\/www.vs-st-marein-feistritz.at\/wp-content\/uploads\/2022\/11\/Gesunde_Schule_LogoSchulsport.jpg.png\" alt=\"\" class=\"wp-image-630\" style=\"aspect-ratio:2.8300653594771243;width:340px;height:auto\" srcset=\"https:\/\/www.vs-st-marein-feistritz.at\/wp-content\/uploads\/2022\/11\/Gesunde_Schule_LogoSchulsport.jpg.png 627w, https:\/\/www.vs-st-marein-feistritz.at\/wp-content\/uploads\/2022\/11\/Gesunde_Schule_LogoSchulsport.jpg-300x106.png 300w\" sizes=\"auto, (max-width: 627px) 100vw, 627px\" \/><\/figure>\n<\/div>\n<\/div><\/div>\n\n\n\n<div id=\"wp-block-themeisle-blocks-advanced-columns-ce0912a0\" class=\"wp-block-themeisle-blocks-advanced-columns alignfull has-2-columns has-desktop-equal-layout has-tablet-equal-layout has-mobile-collapsedRows-layout has-vertical-center\"><div class=\"wp-block-themeisle-blocks-advanced-columns-overlay\"><\/div><div class=\"innerblocks-wrap\">\n<div id=\"wp-block-themeisle-blocks-advanced-column-608643cd\" class=\"wp-block-themeisle-blocks-advanced-column\">\n<h4 id=\"wp-block-themeisle-blocks-advanced-heading-034f34a9\" class=\"wp-block-themeisle-blocks-advanced-heading wp-block-themeisle-blocks-advanced-heading-034f34a9\"><\/h4>\n\n\n\n<h2 id=\"wp-block-themeisle-blocks-advanced-heading-79b73235\" class=\"wp-block-themeisle-blocks-advanced-heading wp-block-themeisle-blocks-advanced-heading-79b73235\">Unsere Schule<\/h2>\n\n\n\n<p>Sehen Sie sich unsere neuen und vor allem sch\u00f6nen R\u00e4ume an!<\/p>\n\n\n\n<div id=\"wp-block-themeisle-blocks-button-group-e76e8009\" class=\"wp-block-themeisle-blocks-button-group wp-block-buttons\">\n<div id=\"wp-block-themeisle-blocks-button-a28b72eb\" class=\"wp-block-themeisle-blocks-button wp-block-button\"><a href=\"https:\/\/www.vs-st-marein-feistritz.at\/index.php\/0067e-portfolio\/\" target=\"_self\" rel=\"noopener noreferrer\" class=\"wp-block-button__link\"><span>R\u00e4ume<\/span><\/a><\/div>\n<\/div>\n<\/div>\n\n\n\n<div id=\"wp-block-themeisle-blocks-advanced-column-b036b30b\" class=\"wp-block-themeisle-blocks-advanced-column\">\n<figure class=\"wp-block-image size-large is-resized\"><img loading=\"lazy\" decoding=\"async\" width=\"1024\" height=\"576\" src=\"https:\/\/www.vs-st-marein-feistritz.at\/wp-content\/uploads\/2022\/01\/Klassenansicht-1-1024x576.jpg\" alt=\"\" class=\"wp-image-375\" style=\"width:592px;height:332px\" srcset=\"https:\/\/www.vs-st-marein-feistritz.at\/wp-content\/uploads\/2022\/01\/Klassenansicht-1-1024x576.jpg 1024w, https:\/\/www.vs-st-marein-feistritz.at\/wp-content\/uploads\/2022\/01\/Klassenansicht-1-300x169.jpg 300w, https:\/\/www.vs-st-marein-feistritz.at\/wp-content\/uploads\/2022\/01\/Klassenansicht-1-768x432.jpg 768w, https:\/\/www.vs-st-marein-feistritz.at\/wp-content\/uploads\/2022\/01\/Klassenansicht-1-1536x864.jpg 1536w, https:\/\/www.vs-st-marein-feistritz.at\/wp-content\/uploads\/2022\/01\/Klassenansicht-1-2048x1152.jpg 2048w\" sizes=\"auto, (max-width: 1024px) 100vw, 1024px\" \/><\/figure>\n<\/div>\n<\/div><\/div>\n\n\n\n<p><\/p>\n\n\n\n<p><\/p>\n\n\n\n<p><\/p>\n\n\n\n<h1 class=\"wp-block-heading has-text-align-center\">Einblicke in die Schule<\/h1>\n\n\n\n<div id=\"wp-block-themeisle-blocks-advanced-columns-d57a39ce\" class=\"wp-block-themeisle-blocks-advanced-columns alignfull has-3-columns has-desktop-equal-layout has-tablet-equal-layout has-mobile-collapsedRows-layout has-vertical-center has-light-bg\"><div class=\"wp-block-themeisle-blocks-advanced-columns-overlay\"><\/div><div class=\"innerblocks-wrap\">\n<div id=\"wp-block-themeisle-blocks-advanced-column-3239ef0f\" class=\"wp-block-themeisle-blocks-advanced-column\"><div class=\"wp-block-image\">\n<figure class=\"alignleft size-large\"><img loading=\"lazy\" decoding=\"async\" width=\"1024\" height=\"769\" src=\"https:\/\/www.vs-st-marein-feistritz.at\/wp-content\/uploads\/2024\/10\/startseite-1-1024x769.jpeg\" alt=\"\" class=\"wp-image-1367\" style=\"object-fit:cover\" srcset=\"https:\/\/www.vs-st-marein-feistritz.at\/wp-content\/uploads\/2024\/10\/startseite-1-1024x769.jpeg 1024w, https:\/\/www.vs-st-marein-feistritz.at\/wp-content\/uploads\/2024\/10\/startseite-1-300x225.jpeg 300w, https:\/\/www.vs-st-marein-feistritz.at\/wp-content\/uploads\/2024\/10\/startseite-1-768x577.jpeg 768w, https:\/\/www.vs-st-marein-feistritz.at\/wp-content\/uploads\/2024\/10\/startseite-1.jpeg 1125w\" sizes=\"auto, (max-width: 1024px) 100vw, 1024px\" \/><\/figure>\n<\/div><\/div>\n\n\n\n<div id=\"wp-block-themeisle-blocks-advanced-column-3108509e\" class=\"wp-block-themeisle-blocks-advanced-column\"><div class=\"wp-block-image\">\n<figure class=\"alignleft size-large\"><img loading=\"lazy\" decoding=\"async\" width=\"1024\" height=\"736\" src=\"https:\/\/www.vs-st-marein-feistritz.at\/wp-content\/uploads\/2024\/10\/startseite3-1024x736.jpeg\" alt=\"\" class=\"wp-image-1368\" style=\"object-fit:cover\" srcset=\"https:\/\/www.vs-st-marein-feistritz.at\/wp-content\/uploads\/2024\/10\/startseite3-1024x736.jpeg 1024w, https:\/\/www.vs-st-marein-feistritz.at\/wp-content\/uploads\/2024\/10\/startseite3-300x216.jpeg 300w, https:\/\/www.vs-st-marein-feistritz.at\/wp-content\/uploads\/2024\/10\/startseite3-768x552.jpeg 768w, https:\/\/www.vs-st-marein-feistritz.at\/wp-content\/uploads\/2024\/10\/startseite3.jpeg 1125w\" sizes=\"auto, (max-width: 1024px) 100vw, 1024px\" \/><\/figure>\n<\/div><\/div>\n\n\n\n<div id=\"wp-block-themeisle-blocks-advanced-column-b18349d4\" class=\"wp-block-themeisle-blocks-advanced-column\"><div class=\"wp-block-image\">\n<figure class=\"alignright size-large\"><img loading=\"lazy\" decoding=\"async\" width=\"1024\" height=\"768\" src=\"https:\/\/www.vs-st-marein-feistritz.at\/wp-content\/uploads\/2024\/10\/startseite2-1024x768.jpeg\" alt=\"\" class=\"wp-image-1369\" style=\"object-fit:cover\" srcset=\"https:\/\/www.vs-st-marein-feistritz.at\/wp-content\/uploads\/2024\/10\/startseite2-1024x768.jpeg 1024w, https:\/\/www.vs-st-marein-feistritz.at\/wp-content\/uploads\/2024\/10\/startseite2-300x225.jpeg 300w, https:\/\/www.vs-st-marein-feistritz.at\/wp-content\/uploads\/2024\/10\/startseite2-768x576.jpeg 768w, https:\/\/www.vs-st-marein-feistritz.at\/wp-content\/uploads\/2024\/10\/startseite2-1536x1152.jpeg 1536w, https:\/\/www.vs-st-marein-feistritz.at\/wp-content\/uploads\/2024\/10\/startseite2-2048x1536.jpeg 2048w\" sizes=\"auto, (max-width: 1024px) 100vw, 1024px\" \/><\/figure>\n<\/div><\/div>\n<\/div><\/div>\n\n\n\n<p><\/p>\n","protected":false},"excerpt":{"rendered":"<p>Einblicke in die Schule<\/p>\n","protected":false},"author":1,"featured_media":0,"parent":0,"menu_order":0,"comment_status":"closed","ping_status":"closed","template":"page-templates\/template-pagebuilder-full-width.php","meta":{"neve_meta_sidebar":"full-width","neve_meta_container":"","neve_meta_enable_content_width":"on","neve_meta_content_width":100,"neve_meta_title_alignment":"","neve_meta_author_avatar":"","neve_post_elements_order":"","neve_meta_disable_header":"","neve_meta_disable_footer":"","neve_meta_disable_title":"","_themeisle_gutenberg_block_has_review":false,"footnotes":""},"class_list":["post-92","page","type-page","status-publish","hentry"],"yoast_head":"<!-- This site is optimized with the Yoast SEO plugin v27.3 - https:\/\/yoast.com\/product\/yoast-seo-wordpress\/ -->\n<title>Startseite - Vom ICH zum WIR<\/title>\n<meta name=\"robots\" content=\"index, follow, max-snippet:-1, max-image-preview:large, max-video-preview:-1\" \/>\n<link rel=\"canonical\" href=\"https:\/\/www.vs-st-marein-feistritz.at\/\" \/>\n<meta property=\"og:locale\" content=\"de_DE\" \/>\n<meta property=\"og:type\" content=\"article\" \/>\n<meta property=\"og:title\" content=\"Startseite - Vom ICH zum WIR\" \/>\n<meta property=\"og:description\" content=\"Einblicke in die Schule\" \/>\n<meta property=\"og:url\" content=\"https:\/\/www.vs-st-marein-feistritz.at\/\" \/>\n<meta property=\"og:site_name\" content=\"Vom ICH zum WIR\" \/>\n<meta property=\"article:modified_time\" content=\"2024-10-13T17:19:22+00:00\" \/>\n<meta property=\"og:image\" content=\"https:\/\/www.vs-st-marein-feistritz.at\/wp-content\/uploads\/2024\/09\/Logos-Homepage-.png\" \/>\n<meta name=\"twitter:card\" content=\"summary_large_image\" \/>\n<meta name=\"twitter:label1\" content=\"Gesch\u00e4tzte Lesezeit\" \/>\n\t<meta name=\"twitter:data1\" content=\"3 Minuten\" \/>\n<script type=\"application\/ld+json\" class=\"yoast-schema-graph\">{\"@context\":\"https:\\\/\\\/schema.org\",\"@graph\":[{\"@type\":\"WebPage\",\"@id\":\"https:\\\/\\\/www.vs-st-marein-feistritz.at\\\/\",\"url\":\"https:\\\/\\\/www.vs-st-marein-feistritz.at\\\/\",\"name\":\"Startseite - Vom ICH zum WIR\",\"isPartOf\":{\"@id\":\"https:\\\/\\\/www.vs-st-marein-feistritz.at\\\/#website\"},\"primaryImageOfPage\":{\"@id\":\"https:\\\/\\\/www.vs-st-marein-feistritz.at\\\/#primaryimage\"},\"image\":{\"@id\":\"https:\\\/\\\/www.vs-st-marein-feistritz.at\\\/#primaryimage\"},\"thumbnailUrl\":\"https:\\\/\\\/www.vs-st-marein-feistritz.at\\\/wp-content\\\/uploads\\\/2024\\\/09\\\/Logos-Homepage-.png\",\"datePublished\":\"2020-03-17T07:09:43+00:00\",\"dateModified\":\"2024-10-13T17:19:22+00:00\",\"breadcrumb\":{\"@id\":\"https:\\\/\\\/www.vs-st-marein-feistritz.at\\\/#breadcrumb\"},\"inLanguage\":\"de-AT\",\"potentialAction\":[{\"@type\":\"ReadAction\",\"target\":[\"https:\\\/\\\/www.vs-st-marein-feistritz.at\\\/\"]}]},{\"@type\":\"ImageObject\",\"inLanguage\":\"de-AT\",\"@id\":\"https:\\\/\\\/www.vs-st-marein-feistritz.at\\\/#primaryimage\",\"url\":\"https:\\\/\\\/www.vs-st-marein-feistritz.at\\\/wp-content\\\/uploads\\\/2024\\\/09\\\/Logos-Homepage-.png\",\"contentUrl\":\"https:\\\/\\\/www.vs-st-marein-feistritz.at\\\/wp-content\\\/uploads\\\/2024\\\/09\\\/Logos-Homepage-.png\",\"width\":896,\"height\":313},{\"@type\":\"BreadcrumbList\",\"@id\":\"https:\\\/\\\/www.vs-st-marein-feistritz.at\\\/#breadcrumb\",\"itemListElement\":[{\"@type\":\"ListItem\",\"position\":1,\"name\":\"Home\",\"item\":\"https:\\\/\\\/www.vs-st-marein-feistritz.at\\\/\"},{\"@type\":\"ListItem\",\"position\":2,\"name\":\"Startseite\"}]},{\"@type\":\"WebSite\",\"@id\":\"https:\\\/\\\/www.vs-st-marein-feistritz.at\\\/#website\",\"url\":\"https:\\\/\\\/www.vs-st-marein-feistritz.at\\\/\",\"name\":\"Vom ICH zum WIR\",\"description\":\"\",\"publisher\":{\"@id\":\"https:\\\/\\\/www.vs-st-marein-feistritz.at\\\/#organization\"},\"potentialAction\":[{\"@type\":\"SearchAction\",\"target\":{\"@type\":\"EntryPoint\",\"urlTemplate\":\"https:\\\/\\\/www.vs-st-marein-feistritz.at\\\/?s={search_term_string}\"},\"query-input\":{\"@type\":\"PropertyValueSpecification\",\"valueRequired\":true,\"valueName\":\"search_term_string\"}}],\"inLanguage\":\"de-AT\"},{\"@type\":\"Organization\",\"@id\":\"https:\\\/\\\/www.vs-st-marein-feistritz.at\\\/#organization\",\"name\":\"Vom ICH zum WIR\",\"url\":\"https:\\\/\\\/www.vs-st-marein-feistritz.at\\\/\",\"logo\":{\"@type\":\"ImageObject\",\"inLanguage\":\"de-AT\",\"@id\":\"https:\\\/\\\/www.vs-st-marein-feistritz.at\\\/#\\\/schema\\\/logo\\\/image\\\/\",\"url\":\"https:\\\/\\\/www.vs-st-marein-feistritz.at\\\/wp-content\\\/uploads\\\/2021\\\/09\\\/cropped-Logo-nur-Blume.png\",\"contentUrl\":\"https:\\\/\\\/www.vs-st-marein-feistritz.at\\\/wp-content\\\/uploads\\\/2021\\\/09\\\/cropped-Logo-nur-Blume.png\",\"width\":800,\"height\":1461,\"caption\":\"Vom ICH zum WIR\"},\"image\":{\"@id\":\"https:\\\/\\\/www.vs-st-marein-feistritz.at\\\/#\\\/schema\\\/logo\\\/image\\\/\"}}]}<\/script>\n<!-- \/ Yoast SEO plugin. -->","yoast_head_json":{"title":"Startseite - Vom ICH zum WIR","robots":{"index":"index","follow":"follow","max-snippet":"max-snippet:-1","max-image-preview":"max-image-preview:large","max-video-preview":"max-video-preview:-1"},"canonical":"https:\/\/www.vs-st-marein-feistritz.at\/","og_locale":"de_DE","og_type":"article","og_title":"Startseite - Vom ICH zum WIR","og_description":"Einblicke in die Schule","og_url":"https:\/\/www.vs-st-marein-feistritz.at\/","og_site_name":"Vom ICH zum WIR","article_modified_time":"2024-10-13T17:19:22+00:00","og_image":[{"url":"https:\/\/www.vs-st-marein-feistritz.at\/wp-content\/uploads\/2024\/09\/Logos-Homepage-.png","type":"","width":"","height":""}],"twitter_card":"summary_large_image","twitter_misc":{"Gesch\u00e4tzte Lesezeit":"3 Minuten"},"schema":{"@context":"https:\/\/schema.org","@graph":[{"@type":"WebPage","@id":"https:\/\/www.vs-st-marein-feistritz.at\/","url":"https:\/\/www.vs-st-marein-feistritz.at\/","name":"Startseite - Vom ICH zum WIR","isPartOf":{"@id":"https:\/\/www.vs-st-marein-feistritz.at\/#website"},"primaryImageOfPage":{"@id":"https:\/\/www.vs-st-marein-feistritz.at\/#primaryimage"},"image":{"@id":"https:\/\/www.vs-st-marein-feistritz.at\/#primaryimage"},"thumbnailUrl":"https:\/\/www.vs-st-marein-feistritz.at\/wp-content\/uploads\/2024\/09\/Logos-Homepage-.png","datePublished":"2020-03-17T07:09:43+00:00","dateModified":"2024-10-13T17:19:22+00:00","breadcrumb":{"@id":"https:\/\/www.vs-st-marein-feistritz.at\/#breadcrumb"},"inLanguage":"de-AT","potentialAction":[{"@type":"ReadAction","target":["https:\/\/www.vs-st-marein-feistritz.at\/"]}]},{"@type":"ImageObject","inLanguage":"de-AT","@id":"https:\/\/www.vs-st-marein-feistritz.at\/#primaryimage","url":"https:\/\/www.vs-st-marein-feistritz.at\/wp-content\/uploads\/2024\/09\/Logos-Homepage-.png","contentUrl":"https:\/\/www.vs-st-marein-feistritz.at\/wp-content\/uploads\/2024\/09\/Logos-Homepage-.png","width":896,"height":313},{"@type":"BreadcrumbList","@id":"https:\/\/www.vs-st-marein-feistritz.at\/#breadcrumb","itemListElement":[{"@type":"ListItem","position":1,"name":"Home","item":"https:\/\/www.vs-st-marein-feistritz.at\/"},{"@type":"ListItem","position":2,"name":"Startseite"}]},{"@type":"WebSite","@id":"https:\/\/www.vs-st-marein-feistritz.at\/#website","url":"https:\/\/www.vs-st-marein-feistritz.at\/","name":"Vom ICH zum WIR","description":"","publisher":{"@id":"https:\/\/www.vs-st-marein-feistritz.at\/#organization"},"potentialAction":[{"@type":"SearchAction","target":{"@type":"EntryPoint","urlTemplate":"https:\/\/www.vs-st-marein-feistritz.at\/?s={search_term_string}"},"query-input":{"@type":"PropertyValueSpecification","valueRequired":true,"valueName":"search_term_string"}}],"inLanguage":"de-AT"},{"@type":"Organization","@id":"https:\/\/www.vs-st-marein-feistritz.at\/#organization","name":"Vom ICH zum WIR","url":"https:\/\/www.vs-st-marein-feistritz.at\/","logo":{"@type":"ImageObject","inLanguage":"de-AT","@id":"https:\/\/www.vs-st-marein-feistritz.at\/#\/schema\/logo\/image\/","url":"https:\/\/www.vs-st-marein-feistritz.at\/wp-content\/uploads\/2021\/09\/cropped-Logo-nur-Blume.png","contentUrl":"https:\/\/www.vs-st-marein-feistritz.at\/wp-content\/uploads\/2021\/09\/cropped-Logo-nur-Blume.png","width":800,"height":1461,"caption":"Vom ICH zum WIR"},"image":{"@id":"https:\/\/www.vs-st-marein-feistritz.at\/#\/schema\/logo\/image\/"}}]}},"_links":{"self":[{"href":"https:\/\/www.vs-st-marein-feistritz.at\/index.php\/wp-json\/wp\/v2\/pages\/92","targetHints":{"allow":["GET"]}}],"collection":[{"href":"https:\/\/www.vs-st-marein-feistritz.at\/index.php\/wp-json\/wp\/v2\/pages"}],"about":[{"href":"https:\/\/www.vs-st-marein-feistritz.at\/index.php\/wp-json\/wp\/v2\/types\/page"}],"author":[{"embeddable":true,"href":"https:\/\/www.vs-st-marein-feistritz.at\/index.php\/wp-json\/wp\/v2\/users\/1"}],"replies":[{"embeddable":true,"href":"https:\/\/www.vs-st-marein-feistritz.at\/index.php\/wp-json\/wp\/v2\/comments?post=92"}],"version-history":[{"count":40,"href":"https:\/\/www.vs-st-marein-feistritz.at\/index.php\/wp-json\/wp\/v2\/pages\/92\/revisions"}],"predecessor-version":[{"id":1370,"href":"https:\/\/www.vs-st-marein-feistritz.at\/index.php\/wp-json\/wp\/v2\/pages\/92\/revisions\/1370"}],"wp:attachment":[{"href":"https:\/\/www.vs-st-marein-feistritz.at\/index.php\/wp-json\/wp\/v2\/media?parent=92"}],"curies":[{"name":"wp","href":"https:\/\/api.w.org\/{rel}","templated":true}]}}