{"id":505,"date":"2022-07-06T07:49:25","date_gmt":"2022-07-06T07:49:25","guid":{"rendered":"https:\/\/www.vs-st-marein-feistritz.at\/?page_id=505"},"modified":"2022-07-06T07:51:24","modified_gmt":"2022-07-06T07:51:24","slug":"datenschutz","status":"publish","type":"page","link":"https:\/\/www.vs-st-marein-feistritz.at\/index.php\/datenschutz\/","title":{"rendered":"Datenschutz"},"content":{"rendered":"\n<div class=\"wp-block-themeisle-blocks-advanced-columns has-1-columns has-desktop-equal-layout has-tablet-equal-layout has-mobile-equal-layout has-default-gap has-vertical-unset\" id=\"wp-block-themeisle-blocks-advanced-columns-142fceb2\"><div class=\"wp-block-themeisle-blocks-advanced-columns-overlay\"><\/div><div class=\"innerblocks-wrap\">\n<div class=\"wp-block-themeisle-blocks-advanced-column\" id=\"wp-block-themeisle-blocks-advanced-column-78750b21\">\n<p>Der Schutz Ihrer pers\u00f6nlichen Daten ist uns ein besonderes Anliegen. Wir verarbeiten Ihre Daten daher ausschlie\u00dflich auf Grundlage der gesetzlichen Bestimmungen (DSGVO, TKG 2003). In dieser Datenschutzerkl\u00e4rung informieren wir Sie \u00fcber die wichtigsten Aspekte der Datenverarbeitung im Rahmen unserer Webseite.<\/p>\n\n\n\n<p>Volksschule St. Marein<br>Hauptstra\u00dfe 12<br>8733 St. Marein-Feistritz<\/p>\n\n\n\n<p>Verantwortlicher im Sinne der Datenschutzgrundverordnung ist:<\/p>\n\n\n\n<p>Volksschule St. Marein<br>Hauptstra\u00dfe 12<br>8733 St. Marein-Feistritz<br>E-Mail: vs.st.marein@aon.at<\/p>\n\n\n\n<p>Tel.: 03515\/4288<\/p>\n\n\n\n<p>Mobil: 0664\/4889103<\/p>\n\n\n\n<p><\/p>\n\n\n\n<h3 class=\"wp-block-heading\"><strong>Erhebung von personenbezogenen Daten<\/strong><\/h3>\n\n\n\n<p>Wir speichern bei einem einfachen Websitebesuch lediglich Zugriffsdaten im Rahmen sogenannter Server-Log-Files. Dies sind Daten, welche Ihr Browser zur Verf\u00fcgung stellt und die ohne Personenbezug sind und zwar:<\/p>\n\n\n\n<ul class=\"wp-block-list\"><li>Browsertyp\/ -version<\/li><li>Verwendetes Betriebssystem<\/li><li>Referrer-URL (die zuvor besuchte Seite)<\/li><li>Hostname des zugreifenden Rechners (IP-Adresse)<\/li><li>Uhrzeit und Datum der Serveranfrage<\/li><\/ul>\n\n\n\n<p>Diese Daten sind f\u00fcr uns nicht bestimmten Personen zuordenbar. Eine Zusammenf\u00fchrung dieser Daten mit anderen Datenquellen wird nicht vorgenommen, die Daten werden zudem nach einer statistischen Auswertung gel\u00f6scht. Hierzu werden die Zugriffe der Nutzer auf unsere Webseiten in den Server-Log-Files gespeichert, inklusive der IP-Adresse. Diese Log-Files werden zu statistischen Zwecken monatlich mit einer Analysesoftware aufbereitet und sodann gel\u00f6scht. Ein R\u00fcckschluss auf eine bestimmte Person ist bei der Verwendung der Daten durch uns nicht m\u00f6glich.<\/p>\n\n\n\n<p>Einige Funktionen unserer Website fordern den Besucher auf, personenbezogene Daten wie z.B.&nbsp; Namen, E-Mail anzugeben. Namen und Angaben k\u00f6nnen hier freiwillig angegeben werden.&nbsp;<\/p>\n\n\n\n<p>Eine Verarbeitung Ihrer Daten durch uns erfolgt auf Servern mit Standort in&nbsp;\u00d6sterreich&nbsp;und damit im Rahmen des Datenschutzniveaus der EU. Wir weisen allerdings auf eventuell bestehende Ausnahmen nach Punkt. 6 dieser Erkl\u00e4rung (\u201eGoogle Analytics\u201c) hin, falls Drittanbieter-Tools eingesetzt werden, die Ihren Serverstandort im Ausland haben.<\/p>\n\n\n\n<h4 class=\"wp-block-heading\"><strong>Verwendungszweck<\/strong><\/h4>\n\n\n\n<p>Wir verwenden Ihre personenbezogenen Daten zu folgenden Zwecken:<\/p>\n\n\n\n<p>Um die von Ihnen gew\u00fcnschten Dienste zu erbringen, insbesondere um Ihre Anfrage sowie Bestellungen in unseren Shop entgegen zunehmen bzw. zu bearbeiten.&nbsp;<\/p>\n\n\n\n<h4 class=\"wp-block-heading\"><strong>Auftragsdatenverarbeitung<\/strong><\/h4>\n\n\n\n<p>Aufgrund einer gesonderten Vereinbarung \u00fcber die Verarbeitung von personenbezogenen Daten im Auftrag werden Ihre Daten von unseren Webspace-Provider Firma Koerbler GmbH, Hofweg 1, 8430 Wagna (wie in Punkt 2 beschrieben),<\/p>\n\n\n\n<p>im Rahmen einer Auftragsdatenverarbeitung nach Art 28 DSGVO gem\u00e4\u00df den entsprechenden gesetzlichen Vorgaben in unserem Auftrag erhoben, verarbeitet und genutzt. Daten, \u00fcber jeden Zugriff auf unserer Webseite werden ausschlie\u00dflich auf Servern in \u00d6sterreich gespeichert. Hiermit ist jedoch keine \u00dcbermittlung Ihrer pers\u00f6nlichen Daten an Dritte im datenschutzrechtlichen Sinn verbunden. Die VS Volksschule St. Marein bleibt\u00a0Ihnen gegen\u00fcber datenschutzrechtlich verantwortlich.<\/p>\n\n\n\n<h3 class=\"wp-block-heading\"><strong>Rechte der betroffenen Personen<\/strong><\/h3>\n\n\n\n<h4 class=\"wp-block-heading\"><strong>Widerruf<\/strong><\/h4>\n\n\n\n<p>Sie sind berechtigt, Ihr Einverst\u00e4ndnis bez\u00fcglich der Speicherung Ihrer personenbezogenen Daten jederzeit zu widerrufen. Sie sind ebenfalls jederzeit berechtigt, Ihre Zustimmung zur Erhebung und Speicherung von weiteren freiwilligen Daten durch uns zu widerrufen. Wir weisen darauf hin, dass wir zum Schutz Ihrer Privatsph\u00e4re und Ihrer Sicherheit, Ihre Identit\u00e4t pr\u00fcfen, bevor Sie solche Ma\u00dfnahmen vornehmen k\u00f6nnen.<\/p>\n\n\n\n<p>Sollten Sie der Nutzung Ihrer Daten f\u00fcr die Zukunft widersprechen und\/oder eine erteilte Einwilligung widerrufen wollen, wenden Sie sich bitte m\u00f6glichst unter Beif\u00fcgung einer Personalausweiskopie an nachstehende Adresse:\u00a0vs.st.marein@aon.at<\/p>\n\n\n\n<p>Im Falle des Widerrufs der Speicherung, Verarbeitung und Nutzung Ihrer personenbezogenen Daten werden wir Ihre s\u00e4mtlichen gespeicherten Daten unverz\u00fcglich l\u00f6schen bzw. sperren.<\/p>\n\n\n\n<h4 class=\"wp-block-heading\"><strong>Sperrung, L\u00f6schung und Berichtigung Ihrer personenbezogenen Daten<\/strong><\/h4>\n\n\n\n<p>Sie haben das Recht, bei uns gespeicherte personenbezogene Daten, einschr\u00e4nken, widersprechen, sperren bzw. l\u00f6schen und\/oder berichtigen zu lassen. Zudem haben sie das Recht auf Daten\u00fcbertragung.<\/p>\n\n\n\n<h4 class=\"wp-block-heading\"><strong>Auskunftsrecht<\/strong><\/h4>\n\n\n\n<p>Sie k\u00f6nnen von uns eine Best\u00e4tigung dar\u00fcber verlangen, ob und in welchem Ausma\u00df wir Ihre Daten verarbeiten.<\/p>\n\n\n\n<h4 class=\"wp-block-heading\"><strong>Beschwerderecht<\/strong><\/h4>\n\n\n\n<p>Sind Sie der Meinung, dass wir bei der Verarbeitung Ihrer Daten gegen \u00f6sterreichisches oder europ\u00e4isches Datenschutzrecht versto\u00dfen, so ersuchen wir Sie, mit uns Kontakt aufzunehmen, um allf\u00e4llige Fragen aufkl\u00e4ren zu k\u00f6nnen. Sie haben selbstverst\u00e4ndlich auch das Recht, sich bei der \u00f6sterreichischen Datenschutzbeh\u00f6rde, ab 25.5.2018 auch bei einer Aufsichtsbeh\u00f6rde innerhalb der EU, zu beschwerden.&nbsp;<\/p>\n\n\n\n<h3 class=\"wp-block-heading\"><strong>Datenschutzerkl\u00e4rung f\u00fcr Cookies<\/strong><\/h3>\n\n\n\n<p>Unsere Website verwendet Cookies. Das sind kleine Textdateien, die es m\u00f6glich machen, auf dem Endger\u00e4t des Nutzers spezifische, auf den Nutzer bezogene Informationen zu speichern, w\u00e4hrend er die Website nutzt. Cookies erm\u00f6glichen es, insbesondere Nutzungsh\u00e4ufigkeit und Nutzeranzahl der Seiten zu ermitteln, Verhaltensweisen der Seitennutzung zu analysieren, aber auch unser Angebot kundenfreundlicher zu gestalten. Cookies bleiben \u00fcber das Ende einer Browser-Sitzung gespeichert und k\u00f6nnen bei einem erneuten Seitenbesuch wieder aufgerufen werden. Wenn Sie das nicht w\u00fcnschen, sollten Sie Ihren Internetbrowser so einstellen, dass er die Annahme von Cookies verweigert.<\/p>\n\n\n\n<h4 class=\"wp-block-heading\"><strong>Dauer der Datenspeicherung<\/strong><\/h4>\n\n\n\n<p>Personenbezogenen Daten werden f\u00fcr die Dauer der gesetzlichen Aufbewahrungsfrist gespeichert. Nach Ablauf der Frist werden die entsprechenden Daten routinem\u00e4\u00dfig gel\u00f6scht, sofern sie nicht mehr zur Vertragserf\u00fcllung oder Vertragsanbahnung erforderlich sind.<\/p>\n\n\n\n<h3 class=\"wp-block-heading\"><strong>Aktualisierung der Bestimmungen<\/strong><\/h3>\n\n\n\n<p>Volksschule St. Marein,\u00a0beh\u00e4lt sich das Recht vor, diese Bestimmungen jederzeit entsprechend den Gesch\u00e4ftserfordernissen zu \u00e4ndern.<\/p>\n\n\n\n<p><strong>Sie erreichen uns unter folgenden Kontaktdaten:\u00a0<\/strong><\/p>\n\n\n\n<p>Volksschule St. Marein<br>Hauptstra\u00dfe 12<br>8733 St. Marein-Feistritz<br>E-Mail: vs.st.marein@aon.at<\/p>\n\n\n\n<p>Tel.: 03515\/4288<\/p>\n\n\n\n<p>Mobil: 0664\/4889103<\/p>\n<\/div>\n<\/div><\/div>\n","protected":false},"excerpt":{"rendered":"","protected":false},"author":2,"featured_media":0,"parent":0,"menu_order":0,"comment_status":"closed","ping_status":"open","template":"","meta":{"neve_meta_sidebar":"full-width","neve_meta_container":"","neve_meta_enable_content_width":"on","neve_meta_content_width":100,"neve_meta_title_alignment":"","neve_meta_author_avatar":"","neve_post_elements_order":"","neve_meta_disable_header":"","neve_meta_disable_footer":"","neve_meta_disable_title":"","_themeisle_gutenberg_block_has_review":false,"footnotes":""},"class_list":["post-505","page","type-page","status-publish","hentry"],"yoast_head":"<!-- This site is optimized with the Yoast SEO plugin v27.3 - https:\/\/yoast.com\/product\/yoast-seo-wordpress\/ -->\n<title>Datenschutz - Vom ICH zum WIR<\/title>\n<meta name=\"robots\" content=\"index, follow, max-snippet:-1, max-image-preview:large, max-video-preview:-1\" \/>\n<link rel=\"canonical\" href=\"https:\/\/www.vs-st-marein-feistritz.at\/index.php\/datenschutz\/\" \/>\n<meta property=\"og:locale\" content=\"de_DE\" \/>\n<meta property=\"og:type\" content=\"article\" \/>\n<meta property=\"og:title\" content=\"Datenschutz - Vom ICH zum WIR\" \/>\n<meta property=\"og:url\" content=\"https:\/\/www.vs-st-marein-feistritz.at\/index.php\/datenschutz\/\" \/>\n<meta property=\"og:site_name\" content=\"Vom ICH zum WIR\" \/>\n<meta property=\"article:modified_time\" content=\"2022-07-06T07:51:24+00:00\" \/>\n<meta name=\"twitter:card\" content=\"summary_large_image\" \/>\n<meta name=\"twitter:label1\" content=\"Gesch\u00e4tzte Lesezeit\" \/>\n\t<meta name=\"twitter:data1\" content=\"4 Minuten\" \/>\n<script type=\"application\/ld+json\" class=\"yoast-schema-graph\">{\"@context\":\"https:\\\/\\\/schema.org\",\"@graph\":[{\"@type\":\"WebPage\",\"@id\":\"https:\\\/\\\/www.vs-st-marein-feistritz.at\\\/index.php\\\/datenschutz\\\/\",\"url\":\"https:\\\/\\\/www.vs-st-marein-feistritz.at\\\/index.php\\\/datenschutz\\\/\",\"name\":\"Datenschutz - Vom ICH zum WIR\",\"isPartOf\":{\"@id\":\"https:\\\/\\\/www.vs-st-marein-feistritz.at\\\/#website\"},\"datePublished\":\"2022-07-06T07:49:25+00:00\",\"dateModified\":\"2022-07-06T07:51:24+00:00\",\"breadcrumb\":{\"@id\":\"https:\\\/\\\/www.vs-st-marein-feistritz.at\\\/index.php\\\/datenschutz\\\/#breadcrumb\"},\"inLanguage\":\"de-AT\",\"potentialAction\":[{\"@type\":\"ReadAction\",\"target\":[\"https:\\\/\\\/www.vs-st-marein-feistritz.at\\\/index.php\\\/datenschutz\\\/\"]}]},{\"@type\":\"BreadcrumbList\",\"@id\":\"https:\\\/\\\/www.vs-st-marein-feistritz.at\\\/index.php\\\/datenschutz\\\/#breadcrumb\",\"itemListElement\":[{\"@type\":\"ListItem\",\"position\":1,\"name\":\"Home\",\"item\":\"https:\\\/\\\/www.vs-st-marein-feistritz.at\\\/\"},{\"@type\":\"ListItem\",\"position\":2,\"name\":\"Datenschutz\"}]},{\"@type\":\"WebSite\",\"@id\":\"https:\\\/\\\/www.vs-st-marein-feistritz.at\\\/#website\",\"url\":\"https:\\\/\\\/www.vs-st-marein-feistritz.at\\\/\",\"name\":\"Vom ICH zum WIR\",\"description\":\"\",\"publisher\":{\"@id\":\"https:\\\/\\\/www.vs-st-marein-feistritz.at\\\/#organization\"},\"potentialAction\":[{\"@type\":\"SearchAction\",\"target\":{\"@type\":\"EntryPoint\",\"urlTemplate\":\"https:\\\/\\\/www.vs-st-marein-feistritz.at\\\/?s={search_term_string}\"},\"query-input\":{\"@type\":\"PropertyValueSpecification\",\"valueRequired\":true,\"valueName\":\"search_term_string\"}}],\"inLanguage\":\"de-AT\"},{\"@type\":\"Organization\",\"@id\":\"https:\\\/\\\/www.vs-st-marein-feistritz.at\\\/#organization\",\"name\":\"Vom ICH zum WIR\",\"url\":\"https:\\\/\\\/www.vs-st-marein-feistritz.at\\\/\",\"logo\":{\"@type\":\"ImageObject\",\"inLanguage\":\"de-AT\",\"@id\":\"https:\\\/\\\/www.vs-st-marein-feistritz.at\\\/#\\\/schema\\\/logo\\\/image\\\/\",\"url\":\"https:\\\/\\\/www.vs-st-marein-feistritz.at\\\/wp-content\\\/uploads\\\/2021\\\/09\\\/cropped-Logo-nur-Blume.png\",\"contentUrl\":\"https:\\\/\\\/www.vs-st-marein-feistritz.at\\\/wp-content\\\/uploads\\\/2021\\\/09\\\/cropped-Logo-nur-Blume.png\",\"width\":800,\"height\":1461,\"caption\":\"Vom ICH zum WIR\"},\"image\":{\"@id\":\"https:\\\/\\\/www.vs-st-marein-feistritz.at\\\/#\\\/schema\\\/logo\\\/image\\\/\"}}]}<\/script>\n<!-- \/ Yoast SEO plugin. -->","yoast_head_json":{"title":"Datenschutz - Vom ICH zum WIR","robots":{"index":"index","follow":"follow","max-snippet":"max-snippet:-1","max-image-preview":"max-image-preview:large","max-video-preview":"max-video-preview:-1"},"canonical":"https:\/\/www.vs-st-marein-feistritz.at\/index.php\/datenschutz\/","og_locale":"de_DE","og_type":"article","og_title":"Datenschutz - Vom ICH zum WIR","og_url":"https:\/\/www.vs-st-marein-feistritz.at\/index.php\/datenschutz\/","og_site_name":"Vom ICH zum WIR","article_modified_time":"2022-07-06T07:51:24+00:00","twitter_card":"summary_large_image","twitter_misc":{"Gesch\u00e4tzte Lesezeit":"4 Minuten"},"schema":{"@context":"https:\/\/schema.org","@graph":[{"@type":"WebPage","@id":"https:\/\/www.vs-st-marein-feistritz.at\/index.php\/datenschutz\/","url":"https:\/\/www.vs-st-marein-feistritz.at\/index.php\/datenschutz\/","name":"Datenschutz - Vom ICH zum WIR","isPartOf":{"@id":"https:\/\/www.vs-st-marein-feistritz.at\/#website"},"datePublished":"2022-07-06T07:49:25+00:00","dateModified":"2022-07-06T07:51:24+00:00","breadcrumb":{"@id":"https:\/\/www.vs-st-marein-feistritz.at\/index.php\/datenschutz\/#breadcrumb"},"inLanguage":"de-AT","potentialAction":[{"@type":"ReadAction","target":["https:\/\/www.vs-st-marein-feistritz.at\/index.php\/datenschutz\/"]}]},{"@type":"BreadcrumbList","@id":"https:\/\/www.vs-st-marein-feistritz.at\/index.php\/datenschutz\/#breadcrumb","itemListElement":[{"@type":"ListItem","position":1,"name":"Home","item":"https:\/\/www.vs-st-marein-feistritz.at\/"},{"@type":"ListItem","position":2,"name":"Datenschutz"}]},{"@type":"WebSite","@id":"https:\/\/www.vs-st-marein-feistritz.at\/#website","url":"https:\/\/www.vs-st-marein-feistritz.at\/","name":"Vom ICH zum WIR","description":"","publisher":{"@id":"https:\/\/www.vs-st-marein-feistritz.at\/#organization"},"potentialAction":[{"@type":"SearchAction","target":{"@type":"EntryPoint","urlTemplate":"https:\/\/www.vs-st-marein-feistritz.at\/?s={search_term_string}"},"query-input":{"@type":"PropertyValueSpecification","valueRequired":true,"valueName":"search_term_string"}}],"inLanguage":"de-AT"},{"@type":"Organization","@id":"https:\/\/www.vs-st-marein-feistritz.at\/#organization","name":"Vom ICH zum WIR","url":"https:\/\/www.vs-st-marein-feistritz.at\/","logo":{"@type":"ImageObject","inLanguage":"de-AT","@id":"https:\/\/www.vs-st-marein-feistritz.at\/#\/schema\/logo\/image\/","url":"https:\/\/www.vs-st-marein-feistritz.at\/wp-content\/uploads\/2021\/09\/cropped-Logo-nur-Blume.png","contentUrl":"https:\/\/www.vs-st-marein-feistritz.at\/wp-content\/uploads\/2021\/09\/cropped-Logo-nur-Blume.png","width":800,"height":1461,"caption":"Vom ICH zum WIR"},"image":{"@id":"https:\/\/www.vs-st-marein-feistritz.at\/#\/schema\/logo\/image\/"}}]}},"_links":{"self":[{"href":"https:\/\/www.vs-st-marein-feistritz.at\/index.php\/wp-json\/wp\/v2\/pages\/505","targetHints":{"allow":["GET"]}}],"collection":[{"href":"https:\/\/www.vs-st-marein-feistritz.at\/index.php\/wp-json\/wp\/v2\/pages"}],"about":[{"href":"https:\/\/www.vs-st-marein-feistritz.at\/index.php\/wp-json\/wp\/v2\/types\/page"}],"author":[{"embeddable":true,"href":"https:\/\/www.vs-st-marein-feistritz.at\/index.php\/wp-json\/wp\/v2\/users\/2"}],"replies":[{"embeddable":true,"href":"https:\/\/www.vs-st-marein-feistritz.at\/index.php\/wp-json\/wp\/v2\/comments?post=505"}],"version-history":[{"count":3,"href":"https:\/\/www.vs-st-marein-feistritz.at\/index.php\/wp-json\/wp\/v2\/pages\/505\/revisions"}],"predecessor-version":[{"id":518,"href":"https:\/\/www.vs-st-marein-feistritz.at\/index.php\/wp-json\/wp\/v2\/pages\/505\/revisions\/518"}],"wp:attachment":[{"href":"https:\/\/www.vs-st-marein-feistritz.at\/index.php\/wp-json\/wp\/v2\/media?parent=505"}],"curies":[{"name":"wp","href":"https:\/\/api.w.org\/{rel}","templated":true}]}}