{"id":417,"date":"2022-02-23T15:29:41","date_gmt":"2022-02-23T15:29:41","guid":{"rendered":"https:\/\/www.haze-esport.de\/?page_id=417"},"modified":"2025-12-10T09:51:02","modified_gmt":"2025-12-10T09:51:02","slug":"nachmittagsbetreuung","status":"publish","type":"page","link":"https:\/\/www.vs-st-marein-feistritz.at\/index.php\/nachmittagsbetreuung\/","title":{"rendered":"Nachmittagsbetreuung"},"content":{"rendered":"\n<div id=\"wp-block-themeisle-blocks-advanced-columns-1e412b58\" class=\"wp-block-themeisle-blocks-advanced-columns has-1-columns has-desktop-equal-layout has-tablet-equal-layout has-mobile-equal-layout has-vertical-unset has-default-gap\"><div class=\"wp-block-themeisle-blocks-advanced-columns-overlay\"><\/div><div class=\"innerblocks-wrap\">\n<div id=\"wp-block-themeisle-blocks-advanced-column-647359be\" class=\"wp-block-themeisle-blocks-advanced-column\">\n<p class=\"has-text-align-center\"><strong>Nachmittagsbetreuung in der VS St. Marein-Feistritz!<\/strong><\/p>\n\n\n\n<p><br>Im Anschluss an den Unterricht wird an unserer Schule eine Nachmittagsbetreuung in Form einer GTS in getrennter Form angeboten, welche von Montag bis Freitag bis 17:00 Uhr in Anspruch genommen werden kann. Das Mittagessen wird von Murtal Catering geliefert und gemeinsam im Speisesaal eingenommen. Am Montag und Donnerstag gibt es eine Lernstunde mit den P\u00e4dagoginnen der Volksschule, an den \u00fcbrigen Tagen wird die Hausaufgabe mit der Freizeitp\u00e4dagogin erledigt. Im Freizeitteil k\u00f6nnen unsere Sch\u00fclerinnen und Sch\u00fcler ihre kreativen, k\u00fcnstlerischen, musischen und sportlichen Begabungen ausprobieren und entfalten.<\/p>\n<\/div>\n<\/div><\/div>\n\n\n\n<div data-wp-interactive=\"core\/file\" class=\"wp-block-file\"><object data-wp-bind--hidden=\"!state.hasPdfPreview\" hidden class=\"wp-block-file__embed\" data=\"https:\/\/www.vs-st-marein-feistritz.at\/wp-content\/uploads\/2024\/09\/Vorstellungsplakat_Angelina.pdf\" type=\"application\/pdf\" style=\"width:100%;height:600px\" aria-label=\"Einbettung von Vorstellungsplakat_Angelina.\"><\/object><a id=\"wp-block-file--media-89c6677f-da7b-4728-a168-0b6449e7494c\" href=\"https:\/\/www.vs-st-marein-feistritz.at\/wp-content\/uploads\/2024\/09\/Vorstellungsplakat_Angelina.pdf\">Vorstellungsplakat_Angelina<\/a><a href=\"https:\/\/www.vs-st-marein-feistritz.at\/wp-content\/uploads\/2024\/09\/Vorstellungsplakat_Angelina.pdf\" class=\"wp-block-file__button wp-element-button\" download aria-describedby=\"wp-block-file--media-89c6677f-da7b-4728-a168-0b6449e7494c\">Herunterladen<\/a><\/div>\n\n\n\n<div data-wp-interactive=\"core\/file\" class=\"wp-block-file\"><object data-wp-bind--hidden=\"!state.hasPdfPreview\" hidden class=\"wp-block-file__embed\" data=\"https:\/\/www.vs-st-marein-feistritz.at\/wp-content\/uploads\/2024\/12\/AGBs_Herbst2024_kompakt.pdf\" type=\"application\/pdf\" style=\"width:100%;height:600px\" aria-label=\"Einbettung von AGBs_Herbst2024_kompakt.\"><\/object><a id=\"wp-block-file--media-d297bd40-e2f1-46a3-a4b6-1994f34dd584\" href=\"https:\/\/www.vs-st-marein-feistritz.at\/wp-content\/uploads\/2024\/12\/AGBs_Herbst2024_kompakt.pdf\">AGBs_Herbst2024_kompakt<\/a><a href=\"https:\/\/www.vs-st-marein-feistritz.at\/wp-content\/uploads\/2024\/12\/AGBs_Herbst2024_kompakt.pdf\" class=\"wp-block-file__button wp-element-button\" download aria-describedby=\"wp-block-file--media-d297bd40-e2f1-46a3-a4b6-1994f34dd584\">Herunterladen<\/a><\/div>\n\n\n\n<div data-wp-interactive=\"core\/file\" class=\"wp-block-file\"><object data-wp-bind--hidden=\"!state.hasPdfPreview\" hidden class=\"wp-block-file__embed\" data=\"https:\/\/www.vs-st-marein-feistritz.at\/wp-content\/uploads\/2025\/12\/Anmeldung-FB-St.-Marein-2526.pdf\" type=\"application\/pdf\" style=\"width:100%;height:600px\" aria-label=\"Einbettung von Anmeldung FB St. Marein 2526.\"><\/object><a id=\"wp-block-file--media-3feb7f19-3f6b-4e5f-a2e4-9c24a999dbee\" href=\"https:\/\/www.vs-st-marein-feistritz.at\/wp-content\/uploads\/2025\/12\/Anmeldung-FB-St.-Marein-2526.pdf\">Anmeldung FB St. Marein 2526<\/a><a href=\"https:\/\/www.vs-st-marein-feistritz.at\/wp-content\/uploads\/2025\/12\/Anmeldung-FB-St.-Marein-2526.pdf\" class=\"wp-block-file__button wp-element-button\" download aria-describedby=\"wp-block-file--media-3feb7f19-3f6b-4e5f-a2e4-9c24a999dbee\">Herunterladen<\/a><\/div>\n","protected":false},"excerpt":{"rendered":"","protected":false},"author":1,"featured_media":0,"parent":0,"menu_order":0,"comment_status":"closed","ping_status":"closed","template":"","meta":{"neve_meta_sidebar":"full-width","neve_meta_container":"","neve_meta_enable_content_width":"on","neve_meta_content_width":100,"neve_meta_title_alignment":"","neve_meta_author_avatar":"","neve_post_elements_order":"","neve_meta_disable_header":"","neve_meta_disable_footer":"","neve_meta_disable_title":"","_themeisle_gutenberg_block_has_review":false,"footnotes":""},"class_list":["post-417","page","type-page","status-publish","hentry"],"yoast_head":"<!-- This site is optimized with the Yoast SEO plugin v27.3 - https:\/\/yoast.com\/product\/yoast-seo-wordpress\/ -->\n<title>Nachmittagsbetreuung - Vom ICH zum WIR<\/title>\n<meta name=\"robots\" content=\"index, follow, max-snippet:-1, max-image-preview:large, max-video-preview:-1\" \/>\n<link rel=\"canonical\" href=\"https:\/\/www.vs-st-marein-feistritz.at\/index.php\/nachmittagsbetreuung\/\" \/>\n<meta property=\"og:locale\" content=\"de_DE\" \/>\n<meta property=\"og:type\" content=\"article\" \/>\n<meta property=\"og:title\" content=\"Nachmittagsbetreuung - Vom ICH zum WIR\" \/>\n<meta property=\"og:url\" content=\"https:\/\/www.vs-st-marein-feistritz.at\/index.php\/nachmittagsbetreuung\/\" \/>\n<meta property=\"og:site_name\" content=\"Vom ICH zum WIR\" \/>\n<meta property=\"article:modified_time\" content=\"2025-12-10T09:51:02+00:00\" \/>\n<meta name=\"twitter:card\" content=\"summary_large_image\" \/>\n<meta name=\"twitter:label1\" content=\"Gesch\u00e4tzte Lesezeit\" \/>\n\t<meta name=\"twitter:data1\" content=\"1 Minute\" \/>\n<script type=\"application\/ld+json\" class=\"yoast-schema-graph\">{\"@context\":\"https:\\\/\\\/schema.org\",\"@graph\":[{\"@type\":\"WebPage\",\"@id\":\"https:\\\/\\\/www.vs-st-marein-feistritz.at\\\/index.php\\\/nachmittagsbetreuung\\\/\",\"url\":\"https:\\\/\\\/www.vs-st-marein-feistritz.at\\\/index.php\\\/nachmittagsbetreuung\\\/\",\"name\":\"Nachmittagsbetreuung - Vom ICH zum WIR\",\"isPartOf\":{\"@id\":\"https:\\\/\\\/www.vs-st-marein-feistritz.at\\\/#website\"},\"datePublished\":\"2022-02-23T15:29:41+00:00\",\"dateModified\":\"2025-12-10T09:51:02+00:00\",\"breadcrumb\":{\"@id\":\"https:\\\/\\\/www.vs-st-marein-feistritz.at\\\/index.php\\\/nachmittagsbetreuung\\\/#breadcrumb\"},\"inLanguage\":\"de-AT\",\"potentialAction\":[{\"@type\":\"ReadAction\",\"target\":[\"https:\\\/\\\/www.vs-st-marein-feistritz.at\\\/index.php\\\/nachmittagsbetreuung\\\/\"]}]},{\"@type\":\"BreadcrumbList\",\"@id\":\"https:\\\/\\\/www.vs-st-marein-feistritz.at\\\/index.php\\\/nachmittagsbetreuung\\\/#breadcrumb\",\"itemListElement\":[{\"@type\":\"ListItem\",\"position\":1,\"name\":\"Home\",\"item\":\"https:\\\/\\\/www.vs-st-marein-feistritz.at\\\/\"},{\"@type\":\"ListItem\",\"position\":2,\"name\":\"Nachmittagsbetreuung\"}]},{\"@type\":\"WebSite\",\"@id\":\"https:\\\/\\\/www.vs-st-marein-feistritz.at\\\/#website\",\"url\":\"https:\\\/\\\/www.vs-st-marein-feistritz.at\\\/\",\"name\":\"Vom ICH zum WIR\",\"description\":\"\",\"publisher\":{\"@id\":\"https:\\\/\\\/www.vs-st-marein-feistritz.at\\\/#organization\"},\"potentialAction\":[{\"@type\":\"SearchAction\",\"target\":{\"@type\":\"EntryPoint\",\"urlTemplate\":\"https:\\\/\\\/www.vs-st-marein-feistritz.at\\\/?s={search_term_string}\"},\"query-input\":{\"@type\":\"PropertyValueSpecification\",\"valueRequired\":true,\"valueName\":\"search_term_string\"}}],\"inLanguage\":\"de-AT\"},{\"@type\":\"Organization\",\"@id\":\"https:\\\/\\\/www.vs-st-marein-feistritz.at\\\/#organization\",\"name\":\"Vom ICH zum WIR\",\"url\":\"https:\\\/\\\/www.vs-st-marein-feistritz.at\\\/\",\"logo\":{\"@type\":\"ImageObject\",\"inLanguage\":\"de-AT\",\"@id\":\"https:\\\/\\\/www.vs-st-marein-feistritz.at\\\/#\\\/schema\\\/logo\\\/image\\\/\",\"url\":\"https:\\\/\\\/www.vs-st-marein-feistritz.at\\\/wp-content\\\/uploads\\\/2021\\\/09\\\/cropped-Logo-nur-Blume.png\",\"contentUrl\":\"https:\\\/\\\/www.vs-st-marein-feistritz.at\\\/wp-content\\\/uploads\\\/2021\\\/09\\\/cropped-Logo-nur-Blume.png\",\"width\":800,\"height\":1461,\"caption\":\"Vom ICH zum WIR\"},\"image\":{\"@id\":\"https:\\\/\\\/www.vs-st-marein-feistritz.at\\\/#\\\/schema\\\/logo\\\/image\\\/\"}}]}<\/script>\n<!-- \/ Yoast SEO plugin. -->","yoast_head_json":{"title":"Nachmittagsbetreuung - Vom ICH zum WIR","robots":{"index":"index","follow":"follow","max-snippet":"max-snippet:-1","max-image-preview":"max-image-preview:large","max-video-preview":"max-video-preview:-1"},"canonical":"https:\/\/www.vs-st-marein-feistritz.at\/index.php\/nachmittagsbetreuung\/","og_locale":"de_DE","og_type":"article","og_title":"Nachmittagsbetreuung - Vom ICH zum WIR","og_url":"https:\/\/www.vs-st-marein-feistritz.at\/index.php\/nachmittagsbetreuung\/","og_site_name":"Vom ICH zum WIR","article_modified_time":"2025-12-10T09:51:02+00:00","twitter_card":"summary_large_image","twitter_misc":{"Gesch\u00e4tzte Lesezeit":"1 Minute"},"schema":{"@context":"https:\/\/schema.org","@graph":[{"@type":"WebPage","@id":"https:\/\/www.vs-st-marein-feistritz.at\/index.php\/nachmittagsbetreuung\/","url":"https:\/\/www.vs-st-marein-feistritz.at\/index.php\/nachmittagsbetreuung\/","name":"Nachmittagsbetreuung - Vom ICH zum WIR","isPartOf":{"@id":"https:\/\/www.vs-st-marein-feistritz.at\/#website"},"datePublished":"2022-02-23T15:29:41+00:00","dateModified":"2025-12-10T09:51:02+00:00","breadcrumb":{"@id":"https:\/\/www.vs-st-marein-feistritz.at\/index.php\/nachmittagsbetreuung\/#breadcrumb"},"inLanguage":"de-AT","potentialAction":[{"@type":"ReadAction","target":["https:\/\/www.vs-st-marein-feistritz.at\/index.php\/nachmittagsbetreuung\/"]}]},{"@type":"BreadcrumbList","@id":"https:\/\/www.vs-st-marein-feistritz.at\/index.php\/nachmittagsbetreuung\/#breadcrumb","itemListElement":[{"@type":"ListItem","position":1,"name":"Home","item":"https:\/\/www.vs-st-marein-feistritz.at\/"},{"@type":"ListItem","position":2,"name":"Nachmittagsbetreuung"}]},{"@type":"WebSite","@id":"https:\/\/www.vs-st-marein-feistritz.at\/#website","url":"https:\/\/www.vs-st-marein-feistritz.at\/","name":"Vom ICH zum WIR","description":"","publisher":{"@id":"https:\/\/www.vs-st-marein-feistritz.at\/#organization"},"potentialAction":[{"@type":"SearchAction","target":{"@type":"EntryPoint","urlTemplate":"https:\/\/www.vs-st-marein-feistritz.at\/?s={search_term_string}"},"query-input":{"@type":"PropertyValueSpecification","valueRequired":true,"valueName":"search_term_string"}}],"inLanguage":"de-AT"},{"@type":"Organization","@id":"https:\/\/www.vs-st-marein-feistritz.at\/#organization","name":"Vom ICH zum WIR","url":"https:\/\/www.vs-st-marein-feistritz.at\/","logo":{"@type":"ImageObject","inLanguage":"de-AT","@id":"https:\/\/www.vs-st-marein-feistritz.at\/#\/schema\/logo\/image\/","url":"https:\/\/www.vs-st-marein-feistritz.at\/wp-content\/uploads\/2021\/09\/cropped-Logo-nur-Blume.png","contentUrl":"https:\/\/www.vs-st-marein-feistritz.at\/wp-content\/uploads\/2021\/09\/cropped-Logo-nur-Blume.png","width":800,"height":1461,"caption":"Vom ICH zum WIR"},"image":{"@id":"https:\/\/www.vs-st-marein-feistritz.at\/#\/schema\/logo\/image\/"}}]}},"_links":{"self":[{"href":"https:\/\/www.vs-st-marein-feistritz.at\/index.php\/wp-json\/wp\/v2\/pages\/417","targetHints":{"allow":["GET"]}}],"collection":[{"href":"https:\/\/www.vs-st-marein-feistritz.at\/index.php\/wp-json\/wp\/v2\/pages"}],"about":[{"href":"https:\/\/www.vs-st-marein-feistritz.at\/index.php\/wp-json\/wp\/v2\/types\/page"}],"author":[{"embeddable":true,"href":"https:\/\/www.vs-st-marein-feistritz.at\/index.php\/wp-json\/wp\/v2\/users\/1"}],"replies":[{"embeddable":true,"href":"https:\/\/www.vs-st-marein-feistritz.at\/index.php\/wp-json\/wp\/v2\/comments?post=417"}],"version-history":[{"count":7,"href":"https:\/\/www.vs-st-marein-feistritz.at\/index.php\/wp-json\/wp\/v2\/pages\/417\/revisions"}],"predecessor-version":[{"id":1807,"href":"https:\/\/www.vs-st-marein-feistritz.at\/index.php\/wp-json\/wp\/v2\/pages\/417\/revisions\/1807"}],"wp:attachment":[{"href":"https:\/\/www.vs-st-marein-feistritz.at\/index.php\/wp-json\/wp\/v2\/media?parent=417"}],"curies":[{"name":"wp","href":"https:\/\/api.w.org\/{rel}","templated":true}]}}