{"id":105,"date":"2020-03-17T11:22:58","date_gmt":"2020-03-17T11:22:58","guid":{"rendered":"https:\/\/demosites.io\/freelancer-gb\/?page_id=105"},"modified":"2022-02-23T15:25:30","modified_gmt":"2022-02-23T15:25:30","slug":"0067e-portfolio","status":"publish","type":"page","link":"https:\/\/www.vs-st-marein-feistritz.at\/index.php\/0067e-portfolio\/","title":{"rendered":"Schulinformationen"},"content":{"rendered":"\n<div class=\"wp-block-themeisle-blocks-advanced-columns alignfull has-1-columns has-desktop-equal-layout has-tablet-equal-layout has-mobile-equal-layout has-default-gap has-vertical-center\" id=\"wp-block-themeisle-blocks-advanced-columns-9e508302\"><div class=\"wp-block-themeisle-blocks-advanced-columns-overlay\"><\/div><div class=\"innerblocks-wrap\">\n<div class=\"wp-block-themeisle-blocks-advanced-column\" id=\"wp-block-themeisle-blocks-advanced-column-1aae8e9d\">\n<h1 id=\"wp-block-themeisle-blocks-advanced-heading-8d1f80de\" class=\"wp-block-themeisle-blocks-advanced-heading wp-block-themeisle-blocks-advanced-heading-8d1f80de\">Unsere Schule<\/h1>\n<\/div>\n<\/div><\/div>\n\n\n\n<div class=\"wp-block-themeisle-blocks-advanced-columns alignfull has-2-columns has-desktop-equal-layout has-tablet-equal-layout has-mobile-collapsedRows-layout has-reverse-columns-mobile has-nogap-gap has-vertical-unset\" id=\"wp-block-themeisle-blocks-advanced-columns-90f4fdd1\"><div class=\"wp-block-themeisle-blocks-advanced-columns-overlay\"><\/div><div class=\"innerblocks-wrap\">\n<div class=\"wp-block-themeisle-blocks-advanced-column\" id=\"wp-block-themeisle-blocks-advanced-column-4efa7d8c\">\n<h2 id=\"wp-block-themeisle-blocks-advanced-heading-8bc387ac\" class=\"wp-block-themeisle-blocks-advanced-heading wp-block-themeisle-blocks-advanced-heading-8bc387ac\">Klassen<\/h2>\n\n\n\n<div style=\"height:20px\" aria-hidden=\"true\" class=\"wp-block-spacer\"><\/div>\n\n\n\n<p class=\"has-neve-text-color-color has-text-color\">Die freundlichen, hellen Klassenr\u00e4ume sind mit modernster&nbsp; Technik ausgestattet. LehrerInnen und Sch\u00fclerInnen sch\u00e4tzen die vielf\u00e4ltigen Einsatzm\u00f6glichkeiten der interaktiven Tafel in Verbindung mit der Dokumentenkamera.<\/p>\n\n\n\n<div style=\"height:20px\" aria-hidden=\"true\" class=\"wp-block-spacer\"><\/div>\n<\/div>\n\n\n\n<div class=\"wp-block-themeisle-blocks-advanced-column\" id=\"wp-block-themeisle-blocks-advanced-column-ce823b08\"><\/div>\n<\/div><\/div>\n\n\n\n<p><\/p>\n\n\n\n<div class=\"wp-block-themeisle-blocks-advanced-columns alignfull has-2-columns has-desktop-equal-layout has-tablet-equal-layout has-mobile-collapsedRows-layout has-nogap-gap has-vertical-unset\" id=\"wp-block-themeisle-blocks-advanced-columns-9166dad2\"><div class=\"wp-block-themeisle-blocks-advanced-columns-overlay\"><\/div><div class=\"innerblocks-wrap\">\n<div class=\"wp-block-themeisle-blocks-advanced-column\" id=\"wp-block-themeisle-blocks-advanced-column-d634a173\">\n<div style=\"height:20px\" aria-hidden=\"true\" class=\"wp-block-spacer\"><\/div>\n<\/div>\n\n\n\n<div class=\"wp-block-themeisle-blocks-advanced-column\" id=\"wp-block-themeisle-blocks-advanced-column-59d07624\">\n<h2 id=\"wp-block-themeisle-blocks-advanced-heading-17cec6ff\" class=\"wp-block-themeisle-blocks-advanced-heading wp-block-themeisle-blocks-advanced-heading-17cec6ff\">Offene Lernr\u00e4ume<\/h2>\n\n\n\n<div style=\"height:20px\" aria-hidden=\"true\" class=\"wp-block-spacer\"><\/div>\n\n\n\n<p class=\"has-neve-text-color-color has-text-color\">Die einladenden Lernr\u00e4ume bieten umfangreiche M\u00f6glichkeiten, auch klassen\u00fcbergreifend,&nbsp; aktiv zu lernen und soziale Kontakte zu pflegen.<\/p>\n\n\n\n<div style=\"height:20px\" aria-hidden=\"true\" class=\"wp-block-spacer\"><\/div>\n<\/div>\n<\/div><\/div>\n\n\n\n<p><\/p>\n\n\n\n<div class=\"wp-block-themeisle-blocks-advanced-columns alignfull has-2-columns has-desktop-equal-layout has-tablet-equal-layout has-mobile-collapsedRows-layout has-reverse-columns-mobile has-nogap-gap has-vertical-unset\" id=\"wp-block-themeisle-blocks-advanced-columns-f3a15c4d\"><div class=\"wp-block-themeisle-blocks-advanced-columns-overlay\"><\/div><div class=\"innerblocks-wrap\">\n<div class=\"wp-block-themeisle-blocks-advanced-column\" id=\"wp-block-themeisle-blocks-advanced-column-a38e379a\">\n<h2 id=\"wp-block-themeisle-blocks-advanced-heading-9203e20f\" class=\"wp-block-themeisle-blocks-advanced-heading wp-block-themeisle-blocks-advanced-heading-9203e20f\">Direktion\/Lehrerzimmer<\/h2>\n\n\n\n<div style=\"height:20px\" aria-hidden=\"true\" class=\"wp-block-spacer\"><\/div>\n\n\n\n<p class=\"has-neve-text-color-color has-text-color\">Im ersten Stock des Altbaus befinden sich die Direktion und das Lehrerzimmer.<\/p>\n\n\n\n<div style=\"height:20px\" aria-hidden=\"true\" class=\"wp-block-spacer\"><\/div>\n<\/div>\n\n\n\n<div class=\"wp-block-themeisle-blocks-advanced-column\" id=\"wp-block-themeisle-blocks-advanced-column-b95c7eae\"><\/div>\n<\/div><\/div>\n\n\n\n<div class=\"wp-block-themeisle-blocks-advanced-columns alignfull has-2-columns has-desktop-equal-layout has-tablet-equal-layout has-mobile-collapsedRows-layout has-nogap-gap has-vertical-unset\" id=\"wp-block-themeisle-blocks-advanced-columns-94cb07ce\"><div class=\"wp-block-themeisle-blocks-advanced-columns-overlay\"><\/div><div class=\"innerblocks-wrap\">\n<div class=\"wp-block-themeisle-blocks-advanced-column\" id=\"wp-block-themeisle-blocks-advanced-column-3cac3d40\">\n<div style=\"height:20px\" aria-hidden=\"true\" class=\"wp-block-spacer\"><\/div>\n<\/div>\n\n\n\n<div class=\"wp-block-themeisle-blocks-advanced-column\" id=\"wp-block-themeisle-blocks-advanced-column-d1667d52\">\n<h2 id=\"wp-block-themeisle-blocks-advanced-heading-4190e32f\" class=\"wp-block-themeisle-blocks-advanced-heading wp-block-themeisle-blocks-advanced-heading-4190e32f\">Werkraum<\/h2>\n\n\n\n<div style=\"height:20px\" aria-hidden=\"true\" class=\"wp-block-spacer\"><\/div>\n\n\n\n<p class=\"has-neve-text-color-color has-text-color\">Im besonders gro\u00dfz\u00fcgig angelegten Werkraum k\u00f6nnen die Sch\u00fclerInnen, sowohl im technischen als auch im textilen Bereich, ihre kreativen Talente entfalten.<\/p>\n\n\n\n<div style=\"height:20px\" aria-hidden=\"true\" class=\"wp-block-spacer\"><\/div>\n<\/div>\n<\/div><\/div>\n\n\n\n<p><\/p>\n\n\n\n<div class=\"wp-block-themeisle-blocks-advanced-columns alignfull has-2-columns has-desktop-equal-layout has-tablet-equal-layout has-mobile-collapsedRows-layout has-reverse-columns-mobile has-nogap-gap has-vertical-unset\" id=\"wp-block-themeisle-blocks-advanced-columns-ef04d2f6\"><div class=\"wp-block-themeisle-blocks-advanced-columns-overlay\"><\/div><div class=\"innerblocks-wrap\">\n<div class=\"wp-block-themeisle-blocks-advanced-column\" id=\"wp-block-themeisle-blocks-advanced-column-5a78bc90\">\n<h2 id=\"wp-block-themeisle-blocks-advanced-heading-baa980f7\" class=\"wp-block-themeisle-blocks-advanced-heading wp-block-themeisle-blocks-advanced-heading-baa980f7\">Turnsaal<\/h2>\n\n\n\n<div style=\"height:20px\" aria-hidden=\"true\" class=\"wp-block-spacer\"><\/div>\n\n\n\n<p class=\"has-neve-text-color-color has-text-color\">Die Erweiterung des Turnsaals, verbunden mit den neuesten Sportger\u00e4ten, gestattet einen abwechslungsreichen, kindgerechten Unterricht.<\/p>\n\n\n\n<div style=\"height:20px\" aria-hidden=\"true\" class=\"wp-block-spacer\"><\/div>\n<\/div>\n\n\n\n<div class=\"wp-block-themeisle-blocks-advanced-column\" id=\"wp-block-themeisle-blocks-advanced-column-5ce7a09b\"><\/div>\n<\/div><\/div>\n\n\n\n<div class=\"wp-block-themeisle-blocks-advanced-columns alignfull has-2-columns has-desktop-equal-layout has-tablet-equal-layout has-mobile-collapsedRows-layout has-nogap-gap has-vertical-unset\" id=\"wp-block-themeisle-blocks-advanced-columns-81115252\"><div class=\"wp-block-themeisle-blocks-advanced-columns-overlay\"><\/div><div class=\"innerblocks-wrap\">\n<div class=\"wp-block-themeisle-blocks-advanced-column\" id=\"wp-block-themeisle-blocks-advanced-column-efe354d9\">\n<div style=\"height:20px\" aria-hidden=\"true\" class=\"wp-block-spacer\"><\/div>\n<\/div>\n\n\n\n<div class=\"wp-block-themeisle-blocks-advanced-column\" id=\"wp-block-themeisle-blocks-advanced-column-ce49bfc5\">\n<h2 id=\"wp-block-themeisle-blocks-advanced-heading-73cb78c2\" class=\"wp-block-themeisle-blocks-advanced-heading wp-block-themeisle-blocks-advanced-heading-73cb78c2\">B\u00fccherei<\/h2>\n\n\n\n<div style=\"height:20px\" aria-hidden=\"true\" class=\"wp-block-spacer\"><\/div>\n\n\n\n<p class=\"has-neve-text-color-color has-text-color\">Im Raum der Nachmittagsbetreuung steht eine gut best\u00fcckte und bestens organisierte B\u00fccherei zur Verf\u00fcgung.<\/p>\n\n\n\n<div style=\"height:20px\" aria-hidden=\"true\" class=\"wp-block-spacer\"><\/div>\n<\/div>\n<\/div><\/div>\n\n\n\n<p><\/p>\n\n\n\n<div class=\"wp-block-themeisle-blocks-advanced-columns alignfull has-2-columns has-desktop-equal-layout has-tablet-equal-layout has-mobile-collapsedRows-layout has-reverse-columns-mobile has-nogap-gap has-vertical-unset\" id=\"wp-block-themeisle-blocks-advanced-columns-9ddaff1a\"><div class=\"wp-block-themeisle-blocks-advanced-columns-overlay\"><\/div><div class=\"innerblocks-wrap\">\n<div class=\"wp-block-themeisle-blocks-advanced-column\" id=\"wp-block-themeisle-blocks-advanced-column-3da96f7d\">\n<h2 id=\"wp-block-themeisle-blocks-advanced-heading-5d6070f9\" class=\"wp-block-themeisle-blocks-advanced-heading wp-block-themeisle-blocks-advanced-heading-5d6070f9\">Medienraum<\/h2>\n\n\n\n<div style=\"height:20px\" aria-hidden=\"true\" class=\"wp-block-spacer\"><\/div>\n\n\n\n<p class=\"has-neve-text-color-color has-text-color\">Als Zusatzr\u00e4ume stehen der Kleingruppenraum f\u00fcr Sprachkurse und Besprechungen sowie der Medienraum f\u00fcr den Musik- und Orchesterklassenunterricht zur Verf\u00fcgung.<\/p>\n\n\n\n<div style=\"height:20px\" aria-hidden=\"true\" class=\"wp-block-spacer\"><\/div>\n<\/div>\n\n\n\n<div class=\"wp-block-themeisle-blocks-advanced-column\" id=\"wp-block-themeisle-blocks-advanced-column-a7d4f38a\"><\/div>\n<\/div><\/div>\n\n\n\n<div class=\"wp-block-themeisle-blocks-advanced-columns alignfull has-2-columns has-desktop-equal-layout has-tablet-equal-layout has-mobile-collapsedRows-layout has-nogap-gap has-vertical-unset\" id=\"wp-block-themeisle-blocks-advanced-columns-88fb8eb8\"><div class=\"wp-block-themeisle-blocks-advanced-columns-overlay\"><\/div><div class=\"innerblocks-wrap\">\n<div class=\"wp-block-themeisle-blocks-advanced-column\" id=\"wp-block-themeisle-blocks-advanced-column-f0dc1f54\">\n<div style=\"height:20px\" aria-hidden=\"true\" class=\"wp-block-spacer\"><\/div>\n<\/div>\n\n\n\n<div class=\"wp-block-themeisle-blocks-advanced-column\" id=\"wp-block-themeisle-blocks-advanced-column-ae6b185e\">\n<h2 id=\"wp-block-themeisle-blocks-advanced-heading-9e51aed8\" class=\"wp-block-themeisle-blocks-advanced-heading wp-block-themeisle-blocks-advanced-heading-9e51aed8\">K\u00fcche<\/h2>\n\n\n\n<div style=\"height:20px\" aria-hidden=\"true\" class=\"wp-block-spacer\"><\/div>\n\n\n\n<p class=\"has-neve-text-color-color has-text-color\">Im Einklang mit dem Jahreskreislauf bieten K\u00fcche und Speisesaal die Chance&nbsp; lebenspraktisch aktiv zu werden.<\/p>\n\n\n\n<div style=\"height:20px\" aria-hidden=\"true\" class=\"wp-block-spacer\"><\/div>\n<\/div>\n<\/div><\/div>\n\n\n\n<p><\/p>\n\n\n\n<div class=\"wp-block-themeisle-blocks-advanced-columns alignfull has-2-columns has-desktop-equal-layout has-tablet-equal-layout has-mobile-collapsedRows-layout has-reverse-columns-mobile has-nogap-gap has-vertical-unset\" id=\"wp-block-themeisle-blocks-advanced-columns-e3d3a31a\"><div class=\"wp-block-themeisle-blocks-advanced-columns-overlay\"><\/div><div class=\"innerblocks-wrap\">\n<div class=\"wp-block-themeisle-blocks-advanced-column\" id=\"wp-block-themeisle-blocks-advanced-column-5d842fb7\">\n<h2 id=\"wp-block-themeisle-blocks-advanced-heading-fec3f055\" class=\"wp-block-themeisle-blocks-advanced-heading wp-block-themeisle-blocks-advanced-heading-fec3f055\">Garderobe<\/h2>\n\n\n\n<div style=\"height:20px\" aria-hidden=\"true\" class=\"wp-block-spacer\"><\/div>\n\n\n\n<p class=\"has-neve-text-color-color has-text-color\">Gleich neben dem Eingangsbereich befinden sich die Sch\u00fclerInnen- und LehrerInnengarderobe.<\/p>\n\n\n\n<div style=\"height:20px\" aria-hidden=\"true\" class=\"wp-block-spacer\"><\/div>\n<\/div>\n\n\n\n<div class=\"wp-block-themeisle-blocks-advanced-column\" id=\"wp-block-themeisle-blocks-advanced-column-9b7a16a1\"><\/div>\n<\/div><\/div>\n\n\n\n<p><\/p>\n","protected":false},"excerpt":{"rendered":"","protected":false},"author":1,"featured_media":0,"parent":0,"menu_order":0,"comment_status":"closed","ping_status":"closed","template":"page-templates\/template-pagebuilder-full-width.php","meta":{"neve_meta_sidebar":"full-width","neve_meta_container":"","neve_meta_enable_content_width":"on","neve_meta_content_width":100,"neve_meta_title_alignment":"","neve_meta_author_avatar":"","neve_post_elements_order":"","neve_meta_disable_header":"","neve_meta_disable_footer":"","neve_meta_disable_title":"","_themeisle_gutenberg_block_has_review":false,"footnotes":""},"class_list":["post-105","page","type-page","status-publish","hentry"],"yoast_head":"<!-- This site is optimized with the Yoast SEO plugin v27.3 - https:\/\/yoast.com\/product\/yoast-seo-wordpress\/ -->\n<title>Schulinformationen - Vom ICH zum WIR<\/title>\n<meta name=\"robots\" content=\"index, follow, max-snippet:-1, max-image-preview:large, max-video-preview:-1\" \/>\n<link rel=\"canonical\" href=\"https:\/\/www.vs-st-marein-feistritz.at\/index.php\/0067e-portfolio\/\" \/>\n<meta property=\"og:locale\" content=\"de_DE\" \/>\n<meta property=\"og:type\" content=\"article\" \/>\n<meta property=\"og:title\" content=\"Schulinformationen - Vom ICH zum WIR\" \/>\n<meta property=\"og:url\" content=\"https:\/\/www.vs-st-marein-feistritz.at\/index.php\/0067e-portfolio\/\" \/>\n<meta property=\"og:site_name\" content=\"Vom ICH zum WIR\" \/>\n<meta property=\"article:modified_time\" content=\"2022-02-23T15:25:30+00:00\" \/>\n<meta name=\"twitter:card\" content=\"summary_large_image\" \/>\n<meta name=\"twitter:label1\" content=\"Gesch\u00e4tzte Lesezeit\" \/>\n\t<meta name=\"twitter:data1\" content=\"1 Minute\" \/>\n<script type=\"application\/ld+json\" class=\"yoast-schema-graph\">{\"@context\":\"https:\\\/\\\/schema.org\",\"@graph\":[{\"@type\":\"WebPage\",\"@id\":\"https:\\\/\\\/www.vs-st-marein-feistritz.at\\\/index.php\\\/0067e-portfolio\\\/\",\"url\":\"https:\\\/\\\/www.vs-st-marein-feistritz.at\\\/index.php\\\/0067e-portfolio\\\/\",\"name\":\"Schulinformationen - Vom ICH zum WIR\",\"isPartOf\":{\"@id\":\"https:\\\/\\\/www.vs-st-marein-feistritz.at\\\/#website\"},\"datePublished\":\"2020-03-17T11:22:58+00:00\",\"dateModified\":\"2022-02-23T15:25:30+00:00\",\"breadcrumb\":{\"@id\":\"https:\\\/\\\/www.vs-st-marein-feistritz.at\\\/index.php\\\/0067e-portfolio\\\/#breadcrumb\"},\"inLanguage\":\"de-AT\",\"potentialAction\":[{\"@type\":\"ReadAction\",\"target\":[\"https:\\\/\\\/www.vs-st-marein-feistritz.at\\\/index.php\\\/0067e-portfolio\\\/\"]}]},{\"@type\":\"BreadcrumbList\",\"@id\":\"https:\\\/\\\/www.vs-st-marein-feistritz.at\\\/index.php\\\/0067e-portfolio\\\/#breadcrumb\",\"itemListElement\":[{\"@type\":\"ListItem\",\"position\":1,\"name\":\"Home\",\"item\":\"https:\\\/\\\/www.vs-st-marein-feistritz.at\\\/\"},{\"@type\":\"ListItem\",\"position\":2,\"name\":\"Schulinformationen\"}]},{\"@type\":\"WebSite\",\"@id\":\"https:\\\/\\\/www.vs-st-marein-feistritz.at\\\/#website\",\"url\":\"https:\\\/\\\/www.vs-st-marein-feistritz.at\\\/\",\"name\":\"Vom ICH zum WIR\",\"description\":\"\",\"publisher\":{\"@id\":\"https:\\\/\\\/www.vs-st-marein-feistritz.at\\\/#organization\"},\"potentialAction\":[{\"@type\":\"SearchAction\",\"target\":{\"@type\":\"EntryPoint\",\"urlTemplate\":\"https:\\\/\\\/www.vs-st-marein-feistritz.at\\\/?s={search_term_string}\"},\"query-input\":{\"@type\":\"PropertyValueSpecification\",\"valueRequired\":true,\"valueName\":\"search_term_string\"}}],\"inLanguage\":\"de-AT\"},{\"@type\":\"Organization\",\"@id\":\"https:\\\/\\\/www.vs-st-marein-feistritz.at\\\/#organization\",\"name\":\"Vom ICH zum WIR\",\"url\":\"https:\\\/\\\/www.vs-st-marein-feistritz.at\\\/\",\"logo\":{\"@type\":\"ImageObject\",\"inLanguage\":\"de-AT\",\"@id\":\"https:\\\/\\\/www.vs-st-marein-feistritz.at\\\/#\\\/schema\\\/logo\\\/image\\\/\",\"url\":\"https:\\\/\\\/www.vs-st-marein-feistritz.at\\\/wp-content\\\/uploads\\\/2021\\\/09\\\/cropped-Logo-nur-Blume.png\",\"contentUrl\":\"https:\\\/\\\/www.vs-st-marein-feistritz.at\\\/wp-content\\\/uploads\\\/2021\\\/09\\\/cropped-Logo-nur-Blume.png\",\"width\":800,\"height\":1461,\"caption\":\"Vom ICH zum WIR\"},\"image\":{\"@id\":\"https:\\\/\\\/www.vs-st-marein-feistritz.at\\\/#\\\/schema\\\/logo\\\/image\\\/\"}}]}<\/script>\n<!-- \/ Yoast SEO plugin. -->","yoast_head_json":{"title":"Schulinformationen - Vom ICH zum WIR","robots":{"index":"index","follow":"follow","max-snippet":"max-snippet:-1","max-image-preview":"max-image-preview:large","max-video-preview":"max-video-preview:-1"},"canonical":"https:\/\/www.vs-st-marein-feistritz.at\/index.php\/0067e-portfolio\/","og_locale":"de_DE","og_type":"article","og_title":"Schulinformationen - Vom ICH zum WIR","og_url":"https:\/\/www.vs-st-marein-feistritz.at\/index.php\/0067e-portfolio\/","og_site_name":"Vom ICH zum WIR","article_modified_time":"2022-02-23T15:25:30+00:00","twitter_card":"summary_large_image","twitter_misc":{"Gesch\u00e4tzte Lesezeit":"1 Minute"},"schema":{"@context":"https:\/\/schema.org","@graph":[{"@type":"WebPage","@id":"https:\/\/www.vs-st-marein-feistritz.at\/index.php\/0067e-portfolio\/","url":"https:\/\/www.vs-st-marein-feistritz.at\/index.php\/0067e-portfolio\/","name":"Schulinformationen - Vom ICH zum WIR","isPartOf":{"@id":"https:\/\/www.vs-st-marein-feistritz.at\/#website"},"datePublished":"2020-03-17T11:22:58+00:00","dateModified":"2022-02-23T15:25:30+00:00","breadcrumb":{"@id":"https:\/\/www.vs-st-marein-feistritz.at\/index.php\/0067e-portfolio\/#breadcrumb"},"inLanguage":"de-AT","potentialAction":[{"@type":"ReadAction","target":["https:\/\/www.vs-st-marein-feistritz.at\/index.php\/0067e-portfolio\/"]}]},{"@type":"BreadcrumbList","@id":"https:\/\/www.vs-st-marein-feistritz.at\/index.php\/0067e-portfolio\/#breadcrumb","itemListElement":[{"@type":"ListItem","position":1,"name":"Home","item":"https:\/\/www.vs-st-marein-feistritz.at\/"},{"@type":"ListItem","position":2,"name":"Schulinformationen"}]},{"@type":"WebSite","@id":"https:\/\/www.vs-st-marein-feistritz.at\/#website","url":"https:\/\/www.vs-st-marein-feistritz.at\/","name":"Vom ICH zum WIR","description":"","publisher":{"@id":"https:\/\/www.vs-st-marein-feistritz.at\/#organization"},"potentialAction":[{"@type":"SearchAction","target":{"@type":"EntryPoint","urlTemplate":"https:\/\/www.vs-st-marein-feistritz.at\/?s={search_term_string}"},"query-input":{"@type":"PropertyValueSpecification","valueRequired":true,"valueName":"search_term_string"}}],"inLanguage":"de-AT"},{"@type":"Organization","@id":"https:\/\/www.vs-st-marein-feistritz.at\/#organization","name":"Vom ICH zum WIR","url":"https:\/\/www.vs-st-marein-feistritz.at\/","logo":{"@type":"ImageObject","inLanguage":"de-AT","@id":"https:\/\/www.vs-st-marein-feistritz.at\/#\/schema\/logo\/image\/","url":"https:\/\/www.vs-st-marein-feistritz.at\/wp-content\/uploads\/2021\/09\/cropped-Logo-nur-Blume.png","contentUrl":"https:\/\/www.vs-st-marein-feistritz.at\/wp-content\/uploads\/2021\/09\/cropped-Logo-nur-Blume.png","width":800,"height":1461,"caption":"Vom ICH zum WIR"},"image":{"@id":"https:\/\/www.vs-st-marein-feistritz.at\/#\/schema\/logo\/image\/"}}]}},"_links":{"self":[{"href":"https:\/\/www.vs-st-marein-feistritz.at\/index.php\/wp-json\/wp\/v2\/pages\/105","targetHints":{"allow":["GET"]}}],"collection":[{"href":"https:\/\/www.vs-st-marein-feistritz.at\/index.php\/wp-json\/wp\/v2\/pages"}],"about":[{"href":"https:\/\/www.vs-st-marein-feistritz.at\/index.php\/wp-json\/wp\/v2\/types\/page"}],"author":[{"embeddable":true,"href":"https:\/\/www.vs-st-marein-feistritz.at\/index.php\/wp-json\/wp\/v2\/users\/1"}],"replies":[{"embeddable":true,"href":"https:\/\/www.vs-st-marein-feistritz.at\/index.php\/wp-json\/wp\/v2\/comments?post=105"}],"version-history":[{"count":14,"href":"https:\/\/www.vs-st-marein-feistritz.at\/index.php\/wp-json\/wp\/v2\/pages\/105\/revisions"}],"predecessor-version":[{"id":414,"href":"https:\/\/www.vs-st-marein-feistritz.at\/index.php\/wp-json\/wp\/v2\/pages\/105\/revisions\/414"}],"wp:attachment":[{"href":"https:\/\/www.vs-st-marein-feistritz.at\/index.php\/wp-json\/wp\/v2\/media?parent=105"}],"curies":[{"name":"wp","href":"https:\/\/api.w.org\/{rel}","templated":true}]}}